{"id":1116,"date":"2026-01-15T07:04:15","date_gmt":"2026-01-15T07:04:15","guid":{"rendered":"https:\/\/staging.holyn.ch\/one-page\/"},"modified":"2026-03-23T15:08:51","modified_gmt":"2026-03-23T15:08:51","slug":"one-page","status":"publish","type":"page","link":"https:\/\/holyn.ch\/en\/","title":{"rendered":"One page"},"content":{"rendered":"","protected":false},"excerpt":{"rendered":"","protected":false},"author":1,"featured_media":0,"parent":0,"menu_order":0,"comment_status":"closed","ping_status":"closed","template":"","meta":{"_acf_changed":false,"footnotes":""},"class_list":["post-1116","page","type-page","status-publish","hentry"],"acf":[],"yoast_head":"<!-- This site is optimized with the Yoast SEO plugin v27.4 - https:\/\/yoast.com\/product\/yoast-seo-wordpress\/ -->\n<title>Holyn | C\u00e9line Lacroix | Soin psycho \u00e9nerg\u00e9tique<\/title>\n<meta name=\"description\" content=\"Psycho-energetic care works with the body, mind, and energy. Psycho-energy helps reveal what is already within you!\" \/>\n<meta name=\"robots\" content=\"index, follow, max-snippet:-1, max-image-preview:large, max-video-preview:-1\" \/>\n<link rel=\"canonical\" href=\"https:\/\/holyn.ch\/en\/\" \/>\n<meta property=\"og:locale\" content=\"en_US\" \/>\n<meta property=\"og:type\" content=\"article\" \/>\n<meta property=\"og:title\" content=\"Holyn | C\u00e9line Lacroix | Soin psycho \u00e9nerg\u00e9tique\" \/>\n<meta property=\"og:description\" content=\"Psycho-energetic care works with the body, mind, and energy. Psycho-energy helps reveal what is already within you!\" \/>\n<meta property=\"og:url\" content=\"https:\/\/holyn.ch\/en\/\" \/>\n<meta property=\"og:site_name\" content=\"Holyn | C\u00e9line Lacroix\" \/>\n<meta property=\"article:modified_time\" content=\"2026-03-23T15:08:51+00:00\" \/>\n<meta property=\"og:image\" content=\"https:\/\/holyn.ch\/wp-content\/uploads\/2026\/01\/Holyn-soins_psycho_energetiques.png\" \/>\n\t<meta property=\"og:image:width\" content=\"1200\" \/>\n\t<meta property=\"og:image:height\" content=\"675\" \/>\n\t<meta property=\"og:image:type\" content=\"image\/png\" \/>\n<meta name=\"twitter:card\" content=\"summary_large_image\" \/>\n<script type=\"application\/ld+json\" class=\"yoast-schema-graph\">{\"@context\":\"https:\\\/\\\/schema.org\",\"@graph\":[{\"@type\":\"WebPage\",\"@id\":\"https:\\\/\\\/holyn.ch\\\/en\\\/\",\"url\":\"https:\\\/\\\/holyn.ch\\\/en\\\/\",\"name\":\"Holyn | C\u00e9line Lacroix | Soin psycho \u00e9nerg\u00e9tique\",\"isPartOf\":{\"@id\":\"https:\\\/\\\/holyn.ch\\\/en\\\/#website\"},\"datePublished\":\"2026-01-15T07:04:15+00:00\",\"dateModified\":\"2026-03-23T15:08:51+00:00\",\"description\":\"Psycho-energetic care works with the body, mind, and energy. Psycho-energy helps reveal what is already within you!\",\"breadcrumb\":{\"@id\":\"https:\\\/\\\/holyn.ch\\\/en\\\/#breadcrumb\"},\"inLanguage\":\"en-US\",\"potentialAction\":[{\"@type\":\"ReadAction\",\"target\":[\"https:\\\/\\\/holyn.ch\\\/en\\\/\"]}]},{\"@type\":\"BreadcrumbList\",\"@id\":\"https:\\\/\\\/holyn.ch\\\/en\\\/#breadcrumb\",\"itemListElement\":[{\"@type\":\"ListItem\",\"position\":1,\"name\":\"Home\",\"item\":\"https:\\\/\\\/holyn.ch\\\/en\\\/one-page\\\/\"},{\"@type\":\"ListItem\",\"position\":2,\"name\":\"One page\"}]},{\"@type\":\"WebSite\",\"@id\":\"https:\\\/\\\/holyn.ch\\\/en\\\/#website\",\"url\":\"https:\\\/\\\/holyn.ch\\\/en\\\/\",\"name\":\"C\u00e9line Lacroix | Psycho \u00e9nerg\u00e9ticienne\",\"description\":\"Soin psycho \u00e9nerg\u00e9tique\",\"publisher\":{\"@id\":\"https:\\\/\\\/holyn.ch\\\/en\\\/#organization\"},\"potentialAction\":[{\"@type\":\"SearchAction\",\"target\":{\"@type\":\"EntryPoint\",\"urlTemplate\":\"https:\\\/\\\/holyn.ch\\\/en\\\/?s={search_term_string}\"},\"query-input\":{\"@type\":\"PropertyValueSpecification\",\"valueRequired\":true,\"valueName\":\"search_term_string\"}}],\"inLanguage\":\"en-US\"},{\"@type\":\"Organization\",\"@id\":\"https:\\\/\\\/holyn.ch\\\/en\\\/#organization\",\"name\":\"Holyn | C\u00e9line Lacroix\",\"url\":\"https:\\\/\\\/holyn.ch\\\/en\\\/\",\"logo\":{\"@type\":\"ImageObject\",\"inLanguage\":\"en-US\",\"@id\":\"https:\\\/\\\/holyn.ch\\\/en\\\/#\\\/schema\\\/logo\\\/image\\\/\",\"url\":\"https:\\\/\\\/holyn.ch\\\/wp-content\\\/uploads\\\/2026\\\/01\\\/Holyn-psycho_energie-logo-h.png\",\"contentUrl\":\"https:\\\/\\\/holyn.ch\\\/wp-content\\\/uploads\\\/2026\\\/01\\\/Holyn-psycho_energie-logo-h.png\",\"width\":1440,\"height\":564,\"caption\":\"Holyn | C\u00e9line Lacroix\"},\"image\":{\"@id\":\"https:\\\/\\\/holyn.ch\\\/en\\\/#\\\/schema\\\/logo\\\/image\\\/\"}}]}<\/script>\n<!-- \/ Yoast SEO plugin. -->","yoast_head_json":{"title":"Holyn | C\u00e9line Lacroix | Soin psycho \u00e9nerg\u00e9tique","description":"Psycho-energetic care works with the body, mind, and energy. Psycho-energy helps reveal what is already within you!","robots":{"index":"index","follow":"follow","max-snippet":"max-snippet:-1","max-image-preview":"max-image-preview:large","max-video-preview":"max-video-preview:-1"},"canonical":"https:\/\/holyn.ch\/en\/","og_locale":"en_US","og_type":"article","og_title":"Holyn | C\u00e9line Lacroix | Soin psycho \u00e9nerg\u00e9tique","og_description":"Psycho-energetic care works with the body, mind, and energy. Psycho-energy helps reveal what is already within you!","og_url":"https:\/\/holyn.ch\/en\/","og_site_name":"Holyn | C\u00e9line Lacroix","article_modified_time":"2026-03-23T15:08:51+00:00","og_image":[{"width":1200,"height":675,"url":"https:\/\/holyn.ch\/wp-content\/uploads\/2026\/01\/Holyn-soins_psycho_energetiques.png","type":"image\/png"}],"twitter_card":"summary_large_image","schema":{"@context":"https:\/\/schema.org","@graph":[{"@type":"WebPage","@id":"https:\/\/holyn.ch\/en\/","url":"https:\/\/holyn.ch\/en\/","name":"Holyn | C\u00e9line Lacroix | Soin psycho \u00e9nerg\u00e9tique","isPartOf":{"@id":"https:\/\/holyn.ch\/en\/#website"},"datePublished":"2026-01-15T07:04:15+00:00","dateModified":"2026-03-23T15:08:51+00:00","description":"Psycho-energetic care works with the body, mind, and energy. Psycho-energy helps reveal what is already within you!","breadcrumb":{"@id":"https:\/\/holyn.ch\/en\/#breadcrumb"},"inLanguage":"en-US","potentialAction":[{"@type":"ReadAction","target":["https:\/\/holyn.ch\/en\/"]}]},{"@type":"BreadcrumbList","@id":"https:\/\/holyn.ch\/en\/#breadcrumb","itemListElement":[{"@type":"ListItem","position":1,"name":"Home","item":"https:\/\/holyn.ch\/en\/one-page\/"},{"@type":"ListItem","position":2,"name":"One page"}]},{"@type":"WebSite","@id":"https:\/\/holyn.ch\/en\/#website","url":"https:\/\/holyn.ch\/en\/","name":"C\u00e9line Lacroix | Psycho \u00e9nerg\u00e9ticienne","description":"Soin psycho \u00e9nerg\u00e9tique","publisher":{"@id":"https:\/\/holyn.ch\/en\/#organization"},"potentialAction":[{"@type":"SearchAction","target":{"@type":"EntryPoint","urlTemplate":"https:\/\/holyn.ch\/en\/?s={search_term_string}"},"query-input":{"@type":"PropertyValueSpecification","valueRequired":true,"valueName":"search_term_string"}}],"inLanguage":"en-US"},{"@type":"Organization","@id":"https:\/\/holyn.ch\/en\/#organization","name":"Holyn | C\u00e9line Lacroix","url":"https:\/\/holyn.ch\/en\/","logo":{"@type":"ImageObject","inLanguage":"en-US","@id":"https:\/\/holyn.ch\/en\/#\/schema\/logo\/image\/","url":"https:\/\/holyn.ch\/wp-content\/uploads\/2026\/01\/Holyn-psycho_energie-logo-h.png","contentUrl":"https:\/\/holyn.ch\/wp-content\/uploads\/2026\/01\/Holyn-psycho_energie-logo-h.png","width":1440,"height":564,"caption":"Holyn | C\u00e9line Lacroix"},"image":{"@id":"https:\/\/holyn.ch\/en\/#\/schema\/logo\/image\/"}}]}},"_links":{"self":[{"href":"https:\/\/holyn.ch\/en\/wp-json\/wp\/v2\/pages\/1116","targetHints":{"allow":["GET"]}}],"collection":[{"href":"https:\/\/holyn.ch\/en\/wp-json\/wp\/v2\/pages"}],"about":[{"href":"https:\/\/holyn.ch\/en\/wp-json\/wp\/v2\/types\/page"}],"author":[{"embeddable":true,"href":"https:\/\/holyn.ch\/en\/wp-json\/wp\/v2\/users\/1"}],"replies":[{"embeddable":true,"href":"https:\/\/holyn.ch\/en\/wp-json\/wp\/v2\/comments?post=1116"}],"version-history":[{"count":2,"href":"https:\/\/holyn.ch\/en\/wp-json\/wp\/v2\/pages\/1116\/revisions"}],"predecessor-version":[{"id":1268,"href":"https:\/\/holyn.ch\/en\/wp-json\/wp\/v2\/pages\/1116\/revisions\/1268"}],"wp:attachment":[{"href":"https:\/\/holyn.ch\/en\/wp-json\/wp\/v2\/media?parent=1116"}],"curies":[{"name":"wp","href":"https:\/\/api.w.org\/{rel}","templated":true}]}}